{"id":281,"date":"2025-09-23T13:26:27","date_gmt":"2025-09-23T17:26:27","guid":{"rendered":"https:\/\/pharma-insilica.com\/politique-de-confidentialite\/"},"modified":"2025-09-23T13:32:41","modified_gmt":"2025-09-23T17:32:41","slug":"politique-de-confidentialite","status":"publish","type":"page","link":"https:\/\/pharma-insilica.com\/fr\/politique-de-confidentialite\/","title":{"rendered":"Politique de confidentialit\u00e9"},"content":{"rendered":"<h2>Pr\u00e9ambule<\/h2>\n<p>Pharma <em>in silica<\/em> est assujettie \u00e0 la Loi sur la protection des renseignements personnels dans le secteur priv\u00e9.<\/p>\n<p>Pharma <em>in silica<\/em> reconna\u00eet l\u2019importance du respect de la vie priv\u00e9e et s\u2019engage \u00e0 limiter la collecte des renseignements \u00e0 ce qui est n\u00e9cessaire. La pr\u00e9sente politique vise \u00e0 vous informer des balises \u00e9tablies pour prot\u00e9ger les renseignements personnels que vous confiez \u00e0 Pharma <em>in silica<\/em>, par le biais du Web ou de tout autre moyen, le tout en conformit\u00e9 avec la loi.<\/p>\n<h2>1.\u00a0Principes g\u00e9n\u00e9raux<\/h2>\n<p>Dans le cadre de ses activit\u00e9s, et suivant votre accord, Pharma <em>in silica<\/em> peut recueillir des renseignements personnels afin de les utiliser pour les finalit\u00e9s d\u00e9crites \u00e0 la section 6.<\/p>\n<p>L\u2019objectif de cette politique est d\u2019expliquer clairement comment Pharma <em>in silica<\/em> collecte et traite vos renseignements personnels, y compris les donn\u00e9es que vous fournissez lors d\u2019une adh\u00e9sion en tant que membre, d\u2019un don ou suivant votre inscription \u00e0 notre infolettre, par exemple.<\/p>\n<p>La pr\u00e9sente politique de m\u00eame que les pratiques en mati\u00e8re de gestion des renseignements personnels s\u2019appliquent \u00e0 l\u2019ensemble de l\u2019organisation, incluant toutes les personnes salari\u00e9es et b\u00e9n\u00e9voles de Pharma <em>in silica<\/em>.<\/p>\n<h2>2. D\u00e9finition<\/h2>\n<p>Un renseignement personnel est une information qui concerne une personne physique et qui permet de l\u2019identifier, directement ou indirectement. Peu importe la nature de son support ou sa forme d\u2019accessibilit\u00e9 (\u00e9crite, graphique, sonore, visuelle, informatis\u00e9e), toute donn\u00e9e personnelle est vis\u00e9e par la pr\u00e9sente politique. Cela ne comprend toutefois pas les coordonn\u00e9es professionnelles et les donn\u00e9es qui ont \u00e9t\u00e9 anonymis\u00e9es pour des fins l\u00e9gitimes et s\u00e9rieuses.<\/p>\n<h2>3.\u00a0Consentement<\/h2>\n<p>Votre consentement \u00e0 la communication ou \u00e0 l\u2019utilisation de vos renseignements personnels doit \u00eatre donn\u00e9 de mani\u00e8re explicite. Il sera valide pour les fins mentionn\u00e9es \u00e0 la pr\u00e9sente politique ainsi que pour les fins sp\u00e9cifiques mentionn\u00e9es lors du consentement, le cas \u00e9ch\u00e9ant. Le consentement sera valide pour la dur\u00e9e n\u00e9cessaire \u00e0 la r\u00e9alisation des objectifs pr\u00e9cis\u00e9s au consentement ou des finalit\u00e9s pr\u00e9cis\u00e9es \u00e0 la section 6 de la pr\u00e9sente politique. Votre consentement pourra \u00eatre retir\u00e9 en tout temps, comme il est indiqu\u00e9 \u00e0 la section 8.3. de la pr\u00e9sente politique.<\/p>\n<h2>4. Les renseignements personnels que Pharma <em>in silica<\/em> peut recueillir \u00e0 votre sujet<\/h2>\n<p>Pharma <em>in silica<\/em> peut recueillir, d\u00e9tenir, utiliser, transf\u00e9rer et communiquer diff\u00e9rents types de renseignements personnels vous concernant, qui sont regroup\u00e9s comme suit :<\/p>\n<ul>\n<li>Donn\u00e9es d\u2019identit\u00e9\u00a0: pr\u00e9nom, nom de famille, titre, nom d\u2019utilisateur ou identifiant similaire, date de naissance, sexe, \u00e9tat civil et renseignements figurant sur une pi\u00e8ce d\u2019identit\u00e9 valide, notamment permis de conduire, et, pour des fins fiscales, num\u00e9ro d\u2019assurance sociale ou passeport;<\/li>\n<li>Donn\u00e9es de contact\u00a0: adresse postale et\/ou de livraison, adresse de facturation, adresse \u00e9lectronique et num\u00e9ro de t\u00e9l\u00e9phone;<\/li>\n<li>Donn\u00e9es de paiement\u00a0: d\u00e9tails de la carte de paiement (cr\u00e9dit ou d\u00e9bit) et ch\u00e8ques;<\/li>\n<li>Donn\u00e9es relatives aux dons\u00a0: d\u00e9tails et historique des dons effectu\u00e9s;<\/li>\n<li>Donn\u00e9es relatives aux services : d\u00e9tails sur les services que vous avez obtenus \u00e0 Pharma <em>in silica<\/em>;<\/li>\n<li>Donn\u00e9es techniques\u00a0: adresse de protocole Internet (IP), donn\u00e9es de connexion, type et version du navigateur, r\u00e9glage du fuseau horaire et emplacement, types et versions de plug-in de navigateur, syst\u00e8me et plate-forme d\u2019exploitation et autres technologies sur les appareils que vous utilisez pour acc\u00e9der \u00e0 nos sites Web;<\/li>\n<li>Donn\u00e9es d\u2019utilisation\u00a0: informations sur la fa\u00e7on dont vous utilisez nos sites Web et nos services;<\/li>\n<li>Donn\u00e9es marketing et communication : pr\u00e9f\u00e9rences en mati\u00e8re de r\u00e9ception de communication de notre part et de celle de nos tiers, et pr\u00e9f\u00e9rences en mati\u00e8re de communication. Cela inclut \u00e9galement le fait qu\u2019il est possible que nous prenions note des conversations que nous avons eues avec vous en personne et\/ou des communications que vous avez envoy\u00e9es \u00e0 Pharma <em>in silica<\/em>. Cela nous aide \u00e0 g\u00e9rer notre relation avec vous et \u00e0 nous assurer que vous ne recevez que des communications pertinentes et adapt\u00e9es \u00e0 vos pr\u00e9f\u00e9rences;<\/li>\n<li>Donn\u00e9es relatives aux candidats et candidates \u00e0 un emploi\u00a0: toutes les donn\u00e9es que vous nous avez soumises par le biais d\u2019une offre d\u2019emploi.<\/li>\n<\/ul>\n<h2>5. Comment Pharma <em>in silica<\/em> recueille vos renseignements personnels<\/h2>\n<p>Pharma <em>in silica<\/em> recueille diff\u00e9rents renseignements personnels de plusieurs mani\u00e8res.<\/p>\n<h3>5.1.\u00a0Informations que vous nous donnez<\/h3>\n<p>La collecte de renseignements personnels s\u2019effectue principalement lorsque vous utilisez les services de Pharma <em>in silica<\/em> et que vous communiquez volontairement vos renseignements personnels.<\/p>\n<h3>5.2.\u00a0Technologies ou interactions automatis\u00e9es<\/h3>\n<p>Lorsque vous interagissez avec les sites Web de Pharma <em>in silica<\/em>, des donn\u00e9es techniques sur votre \u00e9quipement, vos actions et sch\u00e9mas de navigation peuvent, avec votre consentement, \u00eatre collect\u00e9es en utilisant des t\u00e9moins (cookies) et d\u2019autres technologies similaires.<\/p>\n<p>L\u2019emploi des t\u00e9moins se veut une pratique courante. Ce sont des fichiers qui contiennent certaines donn\u00e9es sur la personne qui visite un site Web. Les t\u00e9moins sont stock\u00e9s sur l\u2019ordinateur de la personne utilisatrice ou sur le disque dur d\u2019un autre appareil; ils permettent \u00e0 Pharma <em>in silica<\/em> d\u2019adapter votre exp\u00e9rience chaque fois que vous visitez nos sites Web. Si les t\u00e9moins demeurent d\u00e9sactiv\u00e9s, certaines fonctions de nos sites Web ne seront pas accessibles.<\/p>\n<p>Les sites Web de Pharma <em>in silica<\/em> proposent des hyperliens menant vers d\u2019autres sites Web. Les renseignements \u00e9chang\u00e9s sur ces sites ne sont pas assujettis \u00e0 la pr\u00e9sente politique de confidentialit\u00e9.<\/p>\n<h3>5.3.\u00a0Informations provenant de tiers<\/h3>\n<p>Pharma <em>in silica<\/em> re\u00e7oit occasionnellement des informations vous concernant de la part de tiers, comme indiqu\u00e9 ci-dessous :<\/p>\n<ul>\n<li>Fournisseurs d\u2019analyse tels que Google Analytics;<\/li>\n<li>R\u00e9seaux publicitaires tels que Facebook, Instagram, YouTube et LinkedIn;<\/li>\n<li>Fournisseurs d\u2019informations de recherche tels que Google;<\/li>\n<li>Informations publiquement accessibles vous concernant.<\/li>\n<\/ul>\n<h2>6.\u00a0Les finalit\u00e9s de la collecte de renseignements personnels<\/h2>\n<p>Les renseignements personnels que vous communiquerez \u00e0 Pharma <em>in silica<\/em> serviront exclusivement aux fins suivantes :<\/p>\n<ul>\n<li>Assurer le suivi de votre commande de publications;<\/li>\n<li>Communiquer avec vous p\u00e9riodiquement par \u00e9crit, de vive voix ou par voie \u00e9lectronique afin de vous informer des activit\u00e9s et des \u00e9v\u00e9nements de Pharma <em>in silica<\/em>;<\/li>\n<li>Solliciter votre participation \u00e0 un sondage;<\/li>\n<li>Permettre de vous identifier et vous authentifier dans le syst\u00e8me informatique et infonuagique de Pharma <em>in silica<\/em> afin de faciliter les transactions;<\/li>\n<li>Tenir et analyser des statistiques sur sa client\u00e8le, ses membres et ses partenaires afin d\u2019am\u00e9liorer ses sites Web, ses services et ses communications;<\/li>\n<li>Proposer, sur des sites Web externes, des plateformes sociales ou dans son infolettre, des contenus et des publicit\u00e9s pertinents et mesurer l\u2019efficacit\u00e9 de la publicit\u00e9;<\/li>\n<li>Permettre \u00e0 Pharma <em>in silica<\/em> de fournir un service adapt\u00e9 aux besoins de ses membres et partenaires;<\/li>\n<li>Recevoir et analyser une candidature d\u00e9pos\u00e9e dans le cadre d\u2019une recherche d\u2019emploi;<\/li>\n<\/ul>\n<h2>7.\u00a0L\u2019utilisation, la conservation et la divulgation de vos renseignements personnels<\/h2>\n<h3>7.1.\u00a0Utilisation de vos renseignements personnels<\/h3>\n<p>Vos renseignements personnels ne seront utilis\u00e9s que pour les fins pour lesquelles ils ont \u00e9t\u00e9 recueillis, tel que pr\u00e9cis\u00e9 \u00e0 la section 6.<\/p>\n<h3>7.2.\u00a0Conservation de vos renseignements personnels<\/h3>\n<p>Vos donn\u00e9es personnelles seront conserv\u00e9es de mani\u00e8re confidentielle, aussi longtemps que n\u00e9cessaire, en regard des finalit\u00e9s pour lesquelles elles ont \u00e9t\u00e9 collect\u00e9es, y compris pour satisfaire \u00e0 toute exigence l\u00e9gale, comptable ou de rapport.<\/p>\n<p>Vos renseignements personnels seront conserv\u00e9s soit de mani\u00e8re physique dans les locaux de Pharma <em>in silica<\/em>, de mani\u00e8re num\u00e9rique sur l\u2019\u00e9quipement informatique de Pharma <em>in silica<\/em> ou de mani\u00e8re num\u00e9rique dans le syst\u00e8me infonuagique utilis\u00e9 par Pharma <em>in silica<\/em>.<\/p>\n<p>Pharma <em>in silica<\/em> assure la protection de vos renseignements personnels en tout temps, par des mesures de s\u00e9curit\u00e9 appropri\u00e9es, qu\u2019elles soient mat\u00e9rielles, organisationnelles ou technologiques. Aussi, Pharma <em>in silica<\/em> s\u2019assure de limiter l\u2019acc\u00e8s aux renseignements personnels aux personnes autoris\u00e9es, selon les niveaux de s\u00e9curit\u00e9 pr\u00e9cis\u00e9s \u00e0 la section 7.4.<\/p>\n<h3>7.3.\u00a0Divulgation de vos renseignements personnels<\/h3>\n<p>Pharma <em>in silica<\/em> pourra divulguer vos renseignements personnels \u00e0 des tiers dans les cas suivants :<\/p>\n<ul>\n<li>Aupr\u00e8s de prestataires de services qui, en vertu d\u2019un contrat de services, assistent Pharma <em>in silica<\/em> dans leurs activit\u00e9s dans les seules fins pr\u00e9vues par la loi. Pharma <em>in silica<\/em> n\u2019autorise pas ses prestataires de services tiers \u00e0 utiliser vos informations personnelles \u00e0 leurs propres fins et ne les autorise \u00e0 les traiter qu\u2019\u00e0 des fins sp\u00e9cifiques et conform\u00e9ment \u00e0 nos instructions;<\/li>\n<li>Dans tous les cas o\u00f9, en vertu de la\u00a0Loi sur la protection des renseignements personnels dans le secteur priv\u00e9, la communication d\u2019un renseignement personnel est possible sans autorisation pr\u00e9alable.<\/li>\n<li>Pharma <em>in silica<\/em> s\u2019assure, dans les limites du raisonnable, que ces tierces parties respectent les r\u00e8gles et engagements de la pr\u00e9sente politique en prenant les mesures n\u00e9cessaires.<\/li>\n<\/ul>\n<h3>7.4.\u00a0Accessibilit\u00e9 par le personnel<\/h3>\n<p>Pharma <em>in silica<\/em> a pris des mesures afin de garantir la plus grande protection de vos renseignements personnels. \u00c0 cet effet, trois niveaux de s\u00e9curit\u00e9 ont \u00e9t\u00e9 d\u00e9termin\u00e9s :<\/p>\n<ul>\n<li>Niveau tr\u00e8s \u00e9lev\u00e9 : cat\u00e9gorie de personnel ayant acc\u00e8s \u00e0 tous vos renseignements personnels<\/li>\n<li>Niveau \u00e9lev\u00e9 : cat\u00e9gorie de personnel ayant acc\u00e8s \u00e0 certains de vos renseignements personnels<\/li>\n<li>Niveau de base : cat\u00e9gorie de personnel ayant acc\u00e8s \u00e0 un minimum de renseignements personnels<\/li>\n<\/ul>\n<h2>8.\u00a0Vos droits l\u00e9gaux<\/h2>\n<h3>8.1.\u00a0Droit d\u2019acc\u00e8s \u00e0 vos renseignements personnels<\/h3>\n<p>Pharma <em>in silica<\/em> vous permet, sous r\u00e9serve des conditions et exemptions pr\u00e9vues \u00e0 la loi, d\u2019avoir acc\u00e8s aux renseignements personnels qu\u2019elle d\u00e9tient \u00e0 votre sujet. Sur demande, Pharma <em>in silica<\/em> vous informera des renseignements personnels d\u00e9tenus et de l\u2019usage qui en est fait, et vous permettra de les consulter.<\/p>\n<h3>8.2.\u00a0Droit de correction ou de suppression des renseignements personnels<\/h3>\n<p>Il est possible de corriger les renseignements personnels que Pharma <em>in silica<\/em> a recueillis lorsque ces renseignements sont inexacts, incomplets, \u00e9quivoques, p\u00e9rim\u00e9s ou non justifi\u00e9s par les finalit\u00e9s d\u00e9crites \u00e0 la section 6 de la pr\u00e9sente politique.<\/p>\n<p>Il est \u00e9galement possible de faire supprimer tout renseignement confidentiel recueilli de mani\u00e8re non conforme \u00e0 la loi.<\/p>\n<h3>8.3.\u00a0Droit de retrait du consentement<\/h3>\n<p>Dans les cas o\u00f9 Pharma <em>in silica<\/em> s\u2019appuie sur votre consentement pour traiter vos renseignements personnels, vous avez le droit de retirer votre consentement \u00e0 tout moment. Cela n\u2019affectera toutefois pas la l\u00e9galit\u00e9 de tout traitement effectu\u00e9 avant le retrait de votre consentement. Si vous retirez votre consentement, il est possible que Pharma <em>in silica<\/em> ne soit pas en mesure de vous fournir certains services.<\/p>\n<h2>9.\u00a0Demande et plainte<\/h2>\n<p>Toute demande d\u2019acc\u00e8s, de correction ou de suppression ou toute plainte relative \u00e0 la mise en \u0153uvre de la pr\u00e9sente politique devra \u00eatre faite par \u00e9crit et accompagn\u00e9e d\u2019une preuve d\u2019identit\u00e9.<\/p>\n<p>Veuillez consulter la section 11 afin d\u2019obtenir les coordonn\u00e9es de la personne responsable de la protection des renseignements personnels.<\/p>\n<p>\u00c0 la r\u00e9ception d\u2019une demande ou d\u2019une plainte, Pharma <em>in silica<\/em> s\u2019efforcera d\u2019y r\u00e9pondre dans un d\u00e9lai de 30 jours. Occasionnellement, il peut prendre jusqu\u2019\u00e0 60 jours pour r\u00e9pondre \u00e0 votre demande, par exemple si elle est particuli\u00e8rement complexe ou si vous avez fait plusieurs demandes. Dans ce cas, Pharma <em>in silica<\/em> vous en informera.<\/p>\n<h2>10.\u00a0Notification des modifications apport\u00e9es \u00e0 la politique de confidentialit\u00e9<\/h2>\n<p>Veuillez consulter r\u00e9guli\u00e8rement cette section du site web\u00a0afin de conna\u00eetre les modifications apport\u00e9es \u00e0 notre politique de confidentialit\u00e9.<\/p>\n<h2>11.\u00a0Coordonn\u00e9es et informations compl\u00e9mentaires<\/h2>\n<p>Pour toute question ou commentaire concernant la mani\u00e8re dont Pharma <em>in silica<\/em> traite vos renseignements personnels, la politique de confidentialit\u00e9 des donn\u00e9es, ou pour exercer l\u2019un ou l\u2019autre de vos droits, n\u2019h\u00e9sitez pas \u00e0 communiquer avec la personne responsable de la protection des renseignements personnels, soit Mr Fran\u00e7ois Arcand MBA, pr\u00e9sident :<\/p>\n<p>Par courriel :<br \/>\narcandf@pharma-insilica.com<\/p>\n<p>Par courrier :<br \/>\n2500 boul. du Parc-Technologies<br \/>\nQuebec, Qc Canada G1P 4S6<\/p>\n<h2>12.\u00a0D\u00e9claration<\/h2>\n<p>\u00c0 la suite de la lecture de la pr\u00e9sente Politique de confidentialit\u00e9 des donn\u00e9es et \u00e0 la confirmation qu\u2019elle y adh\u00e8re, toute personne vis\u00e9e par la cueillette de renseignements personnels la concernant d\u00e9clare comprendre qu\u2019il lui a \u00e9t\u00e9 permis de refuser que Pharma <em>in silica<\/em> recueille ces informations \u00e0 son sujet et confirme \u00e9galement :<\/p>\n<ul>\n<li>qu\u2019elle accepte que Pharma <em>in silica<\/em> recueille et partage des renseignements personnels la concernant pour atteindre les finalit\u00e9s d\u00e9crites \u00e0 la section 6 de la pr\u00e9sente politique;<\/li>\n<li>qu\u2019elle accepte que certains renseignements la concernant soient transmis \u00e0 des tiers ou des partenaires de Pharma <em>in silica<\/em>, uniquement dans le but d\u2019atteindre les finalit\u00e9s d\u00e9crites \u00e0 la section 6 de la pr\u00e9sente politique;<\/li>\n<li>qu\u2019elle comprend que le pr\u00e9sent consentement est r\u00e9vocable.<\/li>\n<\/ul>\n","protected":false},"excerpt":{"rendered":"<p>Pr\u00e9ambule Pharma in silica est assujettie \u00e0 la Loi sur la protection des renseignements personnels dans le secteur priv\u00e9. Pharma in silica reconna\u00eet l\u2019importance du respect de la vie priv\u00e9e et s\u2019engage \u00e0 limiter la collecte des renseignements \u00e0 ce qui est n\u00e9cessaire. La pr\u00e9sente politique vise \u00e0 vous informer des balises \u00e9tablies pour prot\u00e9ger <a href=\"https:\/\/pharma-insilica.com\/fr\/politique-de-confidentialite\/\" class=\"more-link\">&#8230;<span class=\"screen-reader-text\">  Politique de confidentialit\u00e9<\/span><\/a><\/p>\n","protected":false},"author":1,"featured_media":0,"parent":0,"menu_order":0,"comment_status":"closed","ping_status":"closed","template":"","meta":{"_acf_changed":false,"footnotes":""},"class_list":["post-281","page","type-page","status-publish","hentry"],"acf":[],"_links":{"self":[{"href":"https:\/\/pharma-insilica.com\/fr\/wp-json\/wp\/v2\/pages\/281","targetHints":{"allow":["GET"]}}],"collection":[{"href":"https:\/\/pharma-insilica.com\/fr\/wp-json\/wp\/v2\/pages"}],"about":[{"href":"https:\/\/pharma-insilica.com\/fr\/wp-json\/wp\/v2\/types\/page"}],"author":[{"embeddable":true,"href":"https:\/\/pharma-insilica.com\/fr\/wp-json\/wp\/v2\/users\/1"}],"replies":[{"embeddable":true,"href":"https:\/\/pharma-insilica.com\/fr\/wp-json\/wp\/v2\/comments?post=281"}],"version-history":[{"count":3,"href":"https:\/\/pharma-insilica.com\/fr\/wp-json\/wp\/v2\/pages\/281\/revisions"}],"predecessor-version":[{"id":284,"href":"https:\/\/pharma-insilica.com\/fr\/wp-json\/wp\/v2\/pages\/281\/revisions\/284"}],"wp:attachment":[{"href":"https:\/\/pharma-insilica.com\/fr\/wp-json\/wp\/v2\/media?parent=281"}],"curies":[{"name":"wp","href":"https:\/\/api.w.org\/{rel}","templated":true}]}}